{"id":95,"date":"2020-09-01T06:26:59","date_gmt":"2020-09-01T06:26:59","guid":{"rendered":"http:\/\/tangenteradio.com\/?page_id=95"},"modified":"2020-09-01T06:26:59","modified_gmt":"2020-09-01T06:26:59","slug":"ir-win-laden","status":"publish","type":"page","link":"https:\/\/tangenteradio.com\/?page_id=95","title":{"rendered":"Ir Win Laden"},"content":{"rendered":"\n<p>Apasionado de las mieles de la malta, extra\u00eddo del mero coraz\u00f3n de Cloacalco, alegre, involucrado, buena vibra, pero sobre todo, feo, eso es lo que caracteriza a Irwin, con\u00f3celo y deja un mensaje.<\/p>\n","protected":false},"excerpt":{"rendered":"<p>Apasionado de las mieles de la malta, extra\u00eddo del mero coraz\u00f3n de Cloacalco, alegre, involucrado, buena vibra, pero sobre todo, feo, eso es lo que caracteriza a Irwin, con\u00f3celo y deja un mensaje.<\/p>\n","protected":false},"author":2,"featured_media":96,"parent":0,"menu_order":0,"comment_status":"open","ping_status":"closed","template":"","meta":{"footnotes":""},"class_list":["post-95","page","type-page","status-publish","has-post-thumbnail","hentry"],"_links":{"self":[{"href":"https:\/\/tangenteradio.com\/index.php?rest_route=\/wp\/v2\/pages\/95","targetHints":{"allow":["GET"]}}],"collection":[{"href":"https:\/\/tangenteradio.com\/index.php?rest_route=\/wp\/v2\/pages"}],"about":[{"href":"https:\/\/tangenteradio.com\/index.php?rest_route=\/wp\/v2\/types\/page"}],"author":[{"embeddable":true,"href":"https:\/\/tangenteradio.com\/index.php?rest_route=\/wp\/v2\/users\/2"}],"replies":[{"embeddable":true,"href":"https:\/\/tangenteradio.com\/index.php?rest_route=%2Fwp%2Fv2%2Fcomments&post=95"}],"version-history":[{"count":1,"href":"https:\/\/tangenteradio.com\/index.php?rest_route=\/wp\/v2\/pages\/95\/revisions"}],"predecessor-version":[{"id":97,"href":"https:\/\/tangenteradio.com\/index.php?rest_route=\/wp\/v2\/pages\/95\/revisions\/97"}],"wp:featuredmedia":[{"embeddable":true,"href":"https:\/\/tangenteradio.com\/index.php?rest_route=\/wp\/v2\/media\/96"}],"wp:attachment":[{"href":"https:\/\/tangenteradio.com\/index.php?rest_route=%2Fwp%2Fv2%2Fmedia&parent=95"}],"curies":[{"name":"wp","href":"https:\/\/api.w.org\/{rel}","templated":true}]}}