{"id":108,"date":"2020-09-05T22:59:40","date_gmt":"2020-09-05T22:59:40","guid":{"rendered":"http:\/\/tangenteradio.com\/?page_id=108"},"modified":"2020-09-05T23:09:19","modified_gmt":"2020-09-05T23:09:19","slug":"rash-the-trash","status":"publish","type":"page","link":"https:\/\/tangenteradio.com\/?page_id=108","title":{"rendered":"Rash the Trash"},"content":{"rendered":"\n<p>Perfecta definici\u00f3n de rebeld\u00eda e indiferencia, alegre, trag\u00f3n de a madres, bien y buen bebedor, cuaderno y apasionado de la charla y el karaoke (se sabe todas las de Los Acosta).<\/p>\n","protected":false},"excerpt":{"rendered":"<p>Perfecta definici\u00f3n de rebeld\u00eda e indiferencia, alegre, trag\u00f3n de a madres, bien y buen bebedor, cuaderno y apasionado de la charla y el karaoke (se sabe todas las de Los Acosta).<\/p>\n","protected":false},"author":2,"featured_media":111,"parent":0,"menu_order":0,"comment_status":"open","ping_status":"closed","template":"","meta":{"footnotes":""},"class_list":["post-108","page","type-page","status-publish","has-post-thumbnail","hentry"],"_links":{"self":[{"href":"https:\/\/tangenteradio.com\/index.php?rest_route=\/wp\/v2\/pages\/108","targetHints":{"allow":["GET"]}}],"collection":[{"href":"https:\/\/tangenteradio.com\/index.php?rest_route=\/wp\/v2\/pages"}],"about":[{"href":"https:\/\/tangenteradio.com\/index.php?rest_route=\/wp\/v2\/types\/page"}],"author":[{"embeddable":true,"href":"https:\/\/tangenteradio.com\/index.php?rest_route=\/wp\/v2\/users\/2"}],"replies":[{"embeddable":true,"href":"https:\/\/tangenteradio.com\/index.php?rest_route=%2Fwp%2Fv2%2Fcomments&post=108"}],"version-history":[{"count":1,"href":"https:\/\/tangenteradio.com\/index.php?rest_route=\/wp\/v2\/pages\/108\/revisions"}],"predecessor-version":[{"id":109,"href":"https:\/\/tangenteradio.com\/index.php?rest_route=\/wp\/v2\/pages\/108\/revisions\/109"}],"wp:featuredmedia":[{"embeddable":true,"href":"https:\/\/tangenteradio.com\/index.php?rest_route=\/wp\/v2\/media\/111"}],"wp:attachment":[{"href":"https:\/\/tangenteradio.com\/index.php?rest_route=%2Fwp%2Fv2%2Fmedia&parent=108"}],"curies":[{"name":"wp","href":"https:\/\/api.w.org\/{rel}","templated":true}]}}